{"id":597,"date":"2024-10-28T14:55:14","date_gmt":"2024-10-28T13:55:14","guid":{"rendered":"http:\/\/schaengelcher.de\/?page_id=597"},"modified":"2025-07-24T09:42:51","modified_gmt":"2025-07-24T07:42:51","slug":"schaengel-hopfen","status":"publish","type":"page","link":"http:\/\/schaengelcher.de\/index.php\/schaengel-hopfen\/","title":{"rendered":"Sch\u00e4ngel Hopfen"},"content":{"rendered":"\r\n<p>Schon lange gab es die Idee einer eigenen M\u00e4nnertanzgruppe bei den Sch\u00e4ngelcher. Es sollte keine Ulkgruppe, sondern eine echte M\u00e4nner-Showtanzgruppe sein!<\/p>\r\n\r\n<p>Leider konnte diese Vorhaben durch Corona erst wieder im Jahr 2023 belebt werden.<\/p>\r\n<!-- \/wp:post-content -->\r\n<p>Doch dann war es soweit mit viel Trainingsflei\u00df, Hopfen-Getr\u00e4nk und Spa\u00df ging es zur Sache. Ebenso wie bei den Sch\u00e4ngelschnitten gibt es bei dieser Gruppe keine Altersbeschr\u00e4nkungen und so fanden sich M\u00e4nner zwischen 18 und 63 Jahren zusammen.<\/p>\r\n<!-- wp:paragraph -->\r\n<p>Nach den Auftritten beim M\u00e4nnerballett-Festival des CCO in Lahnstein, bei der Verleihung des Goldenen Sch\u00e4ngel und bei der gro\u00dfen Sch\u00e4ngelsitzung auf der Karthause war klar, dass es mit den Sch\u00e4ngel-Hopfen weiter geht. Seit der Session 2024\/2025 sind denn auch 12 M\u00e4nner am Start.<\/p>\r\n<p>Trainerin: Jasmin Litz<br \/>Kontakt: <a href=\"mailto:j.litz@schaengelcher.de\"> j.litz@schaengelcher.de<\/a><\/p>\r\n<p><!-- \/wp:paragraph -->\r\n\r\n<!-- wp:paragraph --><\/p>\r\n<p>Motto 2023\/24: \u201eFeuerwehr\u201c <br \/>Motto 2024\/25: \u201eRennfahrer&#8220;<br \/>T\u00e4nzer: 12<\/p>\r\n<p>Trainingszeit: Dienstags 18:00-19:30; Grundschule Neukarthause<\/p>\r\n<p><!-- \/wp:paragraph --> <img loading=\"lazy\" decoding=\"async\" class=\"aligncenter size-large wp-image-610\" src=\"http:\/\/schaengelcher.de\/wp-content\/uploads\/2024\/10\/Hopfen-1024x320.jpg\" alt=\"\" width=\"1024\" height=\"320\" srcset=\"http:\/\/schaengelcher.de\/wp-content\/uploads\/2024\/10\/Hopfen-1024x320.jpg 1024w, http:\/\/schaengelcher.de\/wp-content\/uploads\/2024\/10\/Hopfen-300x94.jpg 300w, http:\/\/schaengelcher.de\/wp-content\/uploads\/2024\/10\/Hopfen-768x240.jpg 768w, http:\/\/schaengelcher.de\/wp-content\/uploads\/2024\/10\/Hopfen-1536x481.jpg 1536w, http:\/\/schaengelcher.de\/wp-content\/uploads\/2024\/10\/Hopfen.jpg 1604w\" sizes=\"auto, (max-width: 1024px) 100vw, 1024px\" \/><\/p>","protected":false},"excerpt":{"rendered":"<p>Schon lange gab es die Idee einer eigenen M\u00e4nnertanzgruppe bei den Sch\u00e4ngelcher. Es sollte keine Ulkgruppe, sondern eine echte M\u00e4nner-Showtanzgruppe sein! Leider konnte [&hellip;]<\/p>\n","protected":false},"author":2,"featured_media":0,"parent":0,"menu_order":0,"comment_status":"closed","ping_status":"closed","template":"","meta":{"footnotes":""},"class_list":["post-597","page","type-page","status-publish","hentry"],"_links":{"self":[{"href":"http:\/\/schaengelcher.de\/index.php\/wp-json\/wp\/v2\/pages\/597","targetHints":{"allow":["GET"]}}],"collection":[{"href":"http:\/\/schaengelcher.de\/index.php\/wp-json\/wp\/v2\/pages"}],"about":[{"href":"http:\/\/schaengelcher.de\/index.php\/wp-json\/wp\/v2\/types\/page"}],"author":[{"embeddable":true,"href":"http:\/\/schaengelcher.de\/index.php\/wp-json\/wp\/v2\/users\/2"}],"replies":[{"embeddable":true,"href":"http:\/\/schaengelcher.de\/index.php\/wp-json\/wp\/v2\/comments?post=597"}],"version-history":[{"count":23,"href":"http:\/\/schaengelcher.de\/index.php\/wp-json\/wp\/v2\/pages\/597\/revisions"}],"predecessor-version":[{"id":782,"href":"http:\/\/schaengelcher.de\/index.php\/wp-json\/wp\/v2\/pages\/597\/revisions\/782"}],"wp:attachment":[{"href":"http:\/\/schaengelcher.de\/index.php\/wp-json\/wp\/v2\/media?parent=597"}],"curies":[{"name":"wp","href":"https:\/\/api.w.org\/{rel}","templated":true}]}}