{"id":186,"date":"2022-11-06T16:19:23","date_gmt":"2022-11-06T15:19:23","guid":{"rendered":"http:\/\/217.160.255.34\/?page_id=186"},"modified":"2022-11-06T16:19:23","modified_gmt":"2022-11-06T15:19:23","slug":"karnevalistische-links","status":"publish","type":"page","link":"http:\/\/schaengelcher.de\/index.php\/karnevalistische-links\/","title":{"rendered":"Karnevalistische Links"},"content":{"rendered":"<p><a title=\"\" href=\"http:\/\/www.karnevalinkoblenz.de\/\" target=\"_blank\" rel=\"noopener\">Arbeitsgemeinschaft Koblenzer Karneval e.V. (AKK)<\/a><br \/>\n<a title=\"\" href=\"http:\/\/www.rkk-koblenz.de\/\" target=\"_blank\" rel=\"noopener\">Rheinische Karnevals-Korporationen e.V. &#8211; Sitz Koblenz<\/a><br \/>\n<a title=\"\" href=\"http:\/\/www.fastnachtsmuseum-koblenz.de\/\" target=\"_blank\" rel=\"noopener\">Rheinisches Fastnachtsmuseum<\/a><br \/>\n<a title=\"\" href=\"http:\/\/www.koblenzerkarneval.de\/\" target=\"_blank\" rel=\"noopener\">koblenzerkarneval.de<\/a><br \/>\n<a title=\"\" href=\"http:\/\/www.hornseycarnival.co.uk\/\" target=\"_blank\" rel=\"noopener\">Hornsey Carnival Assosiation (Partnerverein im Londoner Stadtteil Haringey)<\/a><br \/>\n<a title=\"\" href=\"http:\/\/www.mediendengeler.de\/\" target=\"_blank\" rel=\"noopener\">Pressesprecherstammtisch &#8222;Mediendengeler&#8220;<\/a><\/p>\n<h2><a name=\"aefb899b580b2a801\"><\/a>Vereine<\/h2>\n<p><a title=\"\" href=\"http:\/\/www.ahc-koblenz.de\/\" target=\"_blank\" rel=\"noopener\">Alt-Herren-Corps 1936 e.V.<\/a><br \/>\n<b>&#8222;Boomer Ritter&#8220; Brauchtums- und Karnevalsverein e.V. <\/b><br \/>\n<a title=\"\" href=\"http:\/\/www.cckk-bundeswehr.org\/\" target=\"_blank\" rel=\"noopener\">Carneval-Club Korpskommando Koblenz e.V. 1968<\/a><br \/>\n<a title=\"\" href=\"http:\/\/www.cheerleader-goldgrube-ev.de.tl\/\" target=\"_blank\" rel=\"noopener\">Cheerleaders Goldgrube e.V.<\/a><br \/>\n<a title=\"\" href=\"http:\/\/www.bornskrug1881.de\/\" target=\"_blank\" rel=\"noopener\">D\u00e4hler Narrenzunft &#8222;Bornskrug&#8220; 1881 e.V.<\/a><br \/>\n<a title=\"\" href=\"http:\/\/www.koblenzer-stadtsoldaten.de\/\" target=\"_blank\" rel=\"noopener\">Freundeskreis Koblenzer Stadtsoldaten 1975 e.V.<\/a><br \/>\n<a title=\"\" href=\"http:\/\/www.grosse-koblenzer.de\/\" target=\"_blank\" rel=\"noopener\">Gro\u00dfe Koblenzer Karnevalsgesellschaft gegr. 1847 e.V.<\/a><br \/>\n<a title=\"\" href=\"http:\/\/www.guelser-husaren.de\/\" target=\"_blank\" rel=\"noopener\">G\u00fclser Husaren e.V.<\/a><br \/>\n<a title=\"\" href=\"http:\/\/kcc-verein.de\/\" target=\"_blank\" rel=\"noopener\">Koblenzer Carnevals-Club e.V. (KCC) <\/a><br \/>\n<a title=\"\" href=\"http:\/\/www.ahle-hau.de\/\" target=\"_blank\" rel=\"noopener\">Horchheimer Carneval Verein 1952 e.V.<\/a><br \/>\n<b>KC+MC &#8222;Gr\u00fcn-Wei\u00df&#8220; 1948 e.V.<\/b><br \/>\n<b>Karth\u00e4user M\u00f6hnen 1952 e.V.<br \/>\nKoblenzer Stadtm\u00f6hnen e.V. <\/b><br \/>\n<a title=\"\" href=\"http:\/\/www.ehrengarde-koblenz.de\/\" target=\"_blank\" rel=\"noopener\">Ehrengarde der Stadt Koblenz e.V.<\/a><br \/>\n<a title=\"\" href=\"http:\/\/www.kapuzemaenner.de\/\" target=\"_blank\" rel=\"noopener\">KC &#8222;Kapuzem\u00e4nner&#8220; Rot-Wei\u00df 1968 e.V., Koblenz-Kesselheim<\/a><br \/>\n<a title=\"\" href=\"http:\/\/www.kuk-ruebenach.de\/\" target=\"_blank\" rel=\"noopener\">K.u.K. R\u00fcbenach e. V 1990 Kirmes- und Karnevalsverein<\/a><br \/>\n<b>KG &#8222;Blau-Wei\u00df-Gold&#8220; Koblenz-Rauental <\/b><br \/>\n<a title=\"\" href=\"http:\/\/www.kg-moselweiss.de\/\" target=\"_blank\" rel=\"noopener\">K.G. &#8222;Blau-Wei\u00df&#8220; Moselwei\u00df e.V. <\/a><br \/>\n<a title=\"\" href=\"http:\/\/www.asterstein.com\/\" target=\"_blank\" rel=\"noopener\">KG General von Aster e.V. gegr. 2007<\/a><br \/>\n<a title=\"\" href=\"http:\/\/www.iwwerfiehrte.de\/\" target=\"_blank\" rel=\"noopener\">KG &#8222;Iwwerfiehrte&#8220; 1896 e.V.<\/a><br \/>\n<a title=\"\" href=\"http:\/\/www.funken-rwg-metternich.de\/\" target=\"_blank\" rel=\"noopener\">KG Funken Rot-Wei\u00df-Gold 1946 e.V. Koblenz-Metternich<\/a><br \/>\n<a title=\"\" href=\"http:\/\/www.rheinfreunde.de\/\" target=\"_blank\" rel=\"noopener\">KG &#8222;Rheinfreunde&#8220; 1845 e.V. Koblenz-Neuendorf<\/a><br \/>\n<a title=\"\" href=\"http:\/\/www.kk-funken-rot-weiss.de\/\" target=\"_blank\" rel=\"noopener\">KK Funken Rot-Wei\u00df 1936 e.V.<\/a><br \/>\n<a title=\"\" href=\"http:\/\/www.xn--schlsjer-2za.de\/\" target=\"_blank\" rel=\"noopener\">Karnevals- und Freizeit-Korporation Sch\u00e4lsjer e.V. (KFK Sch\u00e4lsjer e.V.)<\/a><br \/>\n<b>Karnevalsverein &#8222;moselwei\u00dfer kleine&#8220; <\/b><br \/>\n<b>KaJuL\u00fc Blau Gelb<\/b><br \/>\n<b>KaJuSaJo &#8211; Arbeitskreis Karneval Kath. Jugend St. Josef <\/b><br \/>\n<a title=\"\" href=\"http:\/\/www.katholischer-leseverein-koblenz.de\/\" target=\"_blank\" rel=\"noopener\">Katholischer Leseverein Koblenz e.V.<\/a><br \/>\n<a title=\"\" href=\"http:\/\/www.lcv74.de\/\" target=\"_blank\" rel=\"noopener\">L\u00fctzeler Carnevals Verein 1974 e.V.<\/a><br \/>\n<a title=\"\" href=\"http:\/\/www.die-zufaelligen.de\/\" target=\"_blank\" rel=\"noopener\">M\u00f6hnenclub &#8222;Die Zuf\u00e4lligen&#8220; e.V.<\/a><br \/>\n<b>M\u00f6hnen-Club &#8222;Duck-Enten&#8220; gegr. 1955 Koblenz-Moselwei\u00df<\/b><br \/>\n<a title=\"\" href=\"http:\/\/www.guelser-seemoewen.de\/\" target=\"_blank\" rel=\"noopener\">M\u00f6hnenclub &#8222;G\u00fclser Seem\u00f6wen&#8220; e.V.<\/a><br \/>\n<a title=\"\" href=\"http:\/\/www.kesselemmer-wierschtjer.de\/\" target=\"_blank\" rel=\"noopener\">M\u00f6hnenclub &#8222;Kesselemmer Wierschtjer&#8220; e.V. 1948<\/a><br \/>\n<a title=\"\" href=\"http:\/\/www.moehnenclub-neuendorf.de.to\/\" target=\"_blank\" rel=\"noopener\">M\u00f6hnenclub Koblenz-Neuendorf gegr. 1950 e.V.<\/a><br \/>\n<a title=\"\" href=\"http:\/\/www.mc-rohrer-kaeuzchen.de\/\" target=\"_blank\" rel=\"noopener\">M\u00f6hnenclub &#8222;Rohrer K\u00e4uzchen&#8220; 1953 e.V. Koblenz-Metternich<\/a><br \/>\n<b>M\u00f6hnenclub &#8222;Sp\u00e4tlese&#8220; Koblenz-Lay e.V.<br \/>\nM\u00f6hnenverein Horchheim e.V. &#8222;Die Tollk\u00fchnen&#8220;<br \/>\n<\/b><a title=\"\" href=\"http:\/\/www.fidele-maedcher.de\/\" target=\"_blank\" rel=\"noopener\">M\u00f6hnenverein &#8222;Fidele M\u00e4dcher&#8220; Wallersheim<\/a><br \/>\n<a title=\"\" href=\"http:\/\/www.narren-club-waschem.de\/\" target=\"_blank\" rel=\"noopener\">Narren-Club Waschem 1986 e.V.<\/a><br \/>\n<a title=\"\" href=\"http:\/\/www.nc-blau-weiss.de\/\" target=\"_blank\" rel=\"noopener\">NC &#8222;Blau-Wei\u00df&#8220; e.V. Koblenz-Niederberg<\/a><br \/>\n<a title=\"\" href=\"http:\/\/www.narrenzunft-gelb-rot.de\/\" target=\"_blank\" rel=\"noopener\">Narrenzunft &#8222;Gelb-Rot&#8220; 1937 Koblenz e.V.<\/a><br \/>\n<a title=\"\" href=\"http:\/\/www.nzgg.de\/\" target=\"_blank\" rel=\"noopener\">Narrenzunft Gr\u00fcn Gelb Karthause 1950 e.V.<\/a><br \/>\n<a title=\"\" href=\"http:\/\/www.vorstadtmoehnen-ewigjung.de\/\" target=\"_blank\" rel=\"noopener\">Vorstadt M\u00f6hnen &#8222;Ewig Jung&#8220; e.V.<\/a><br \/>\n<a title=\"\" href=\"http:\/\/www.heimatfreunde-lay.de\/\" target=\"_blank\" rel=\"noopener\">Verein der Heimatfreunde Lay e.V.<\/a><\/p>\n<h2><a name=\"aefb899b580b97303\"><\/a>verschiedene Karnevalsvereine und Gruppen<\/h2>\n<p><a title=\"\" href=\"http:\/\/www.kv-reudelsterz.de\/\" target=\"_blank\" rel=\"noopener\">Karnevalsverein Reudelsterz 1968 e.V.<\/a><br \/>\n<a title=\"\" href=\"http:\/\/www.ka-jun-se.de\/\" target=\"_blank\" rel=\"noopener\">kath. Jungsenioren St. Peter<\/a><br \/>\n<a title=\"\" href=\"http:\/\/www.immendorf-ikv.de\/\" target=\"_blank\" rel=\"noopener\">Immendorfer Karnevalsverein &#8222;Blau-Gelb&#8220; e.V. gegr. 1993<\/a><br \/>\n<a title=\"\" href=\"http:\/\/www.rudehaehner.de\/\" target=\"_blank\" rel=\"noopener\">Rude H\u00e4hner Karnevals-Club 1987 e. V. (RHKC)<\/a><br \/>\n<a title=\"\" href=\"http:\/\/www.narrenbunt.de\/\" target=\"_blank\" rel=\"noopener\">Koblenzer NarrenbunT 2007 e.V. &#8211; F\u00fcr Schwule, Lesben und Freunde<\/a><br \/>\n<a title=\"\" href=\"http:\/\/www.juppundjuppchen.de\/\" target=\"_blank\" rel=\"noopener\">Juppund Juppchen &#8211; Das Vortragsduo<\/a><br \/>\n<a title=\"\" href=\"http:\/\/www.tsc-rheinfeuer.de\/\" target=\"_blank\" rel=\"noopener\">TSC Rheinfeuer &#8211; Koblenz.e.V.<\/a><br \/>\n<a title=\"\" href=\"http:\/\/www.stg-guelser-seemoewen.de\/\" target=\"_blank\" rel=\"noopener\">Showtanzgruppe G\u00fclser Seem\u00f6wen<\/a><\/p>\n","protected":false},"excerpt":{"rendered":"<p>Arbeitsgemeinschaft Koblenzer Karneval e.V. (AKK) Rheinische Karnevals-Korporationen e.V. &#8211; Sitz Koblenz Rheinisches Fastnachtsmuseum koblenzerkarneval.de Hornsey Carnival Assosiation (Partnerverein im Londoner Stadtteil Haringey) Pressesprecherstammtisch [&hellip;]<\/p>\n","protected":false},"author":1,"featured_media":0,"parent":0,"menu_order":0,"comment_status":"closed","ping_status":"closed","template":"","meta":{"footnotes":""},"class_list":["post-186","page","type-page","status-publish","hentry"],"_links":{"self":[{"href":"http:\/\/schaengelcher.de\/index.php\/wp-json\/wp\/v2\/pages\/186","targetHints":{"allow":["GET"]}}],"collection":[{"href":"http:\/\/schaengelcher.de\/index.php\/wp-json\/wp\/v2\/pages"}],"about":[{"href":"http:\/\/schaengelcher.de\/index.php\/wp-json\/wp\/v2\/types\/page"}],"author":[{"embeddable":true,"href":"http:\/\/schaengelcher.de\/index.php\/wp-json\/wp\/v2\/users\/1"}],"replies":[{"embeddable":true,"href":"http:\/\/schaengelcher.de\/index.php\/wp-json\/wp\/v2\/comments?post=186"}],"version-history":[{"count":1,"href":"http:\/\/schaengelcher.de\/index.php\/wp-json\/wp\/v2\/pages\/186\/revisions"}],"predecessor-version":[{"id":187,"href":"http:\/\/schaengelcher.de\/index.php\/wp-json\/wp\/v2\/pages\/186\/revisions\/187"}],"wp:attachment":[{"href":"http:\/\/schaengelcher.de\/index.php\/wp-json\/wp\/v2\/media?parent=186"}],"curies":[{"name":"wp","href":"https:\/\/api.w.org\/{rel}","templated":true}]}}