{"id":173,"date":"2022-11-06T16:16:04","date_gmt":"2022-11-06T15:16:04","guid":{"rendered":"http:\/\/217.160.255.34\/?page_id=173"},"modified":"2026-02-04T17:49:55","modified_gmt":"2026-02-04T16:49:55","slug":"willi-hartung-gedaechtnispreis","status":"publish","type":"page","link":"http:\/\/schaengelcher.de\/index.php\/willi-hartung-gedaechtnispreis\/","title":{"rendered":"Willi-Hartung Ged\u00e4chtnispreis"},"content":{"rendered":"<p>Seit 2010 ist eine Stra\u00dfe in der Altstadt (in n\u00e4he der Gr\u00fcndungsst\u00e4tte der Sch\u00e4ngelcher, dem Hotel Deutsches Haus (1944 zerst\u00f6rt)) nach dem Ehrenvorsitzenden der Gesellschaft benannt.<br \/>\nUm dieser Pers\u00f6nlichkeit, nicht nur des Karnevals, ein ehrendes Andenken zu bewahren und denjenigen, die sich um die Gesellschaft im besonderen verdient gemacht haben auszuzeichnen, wurde auf Initative unseres Ehrenpr\u00e4sidenten Wolfgang Hartung (Sohn von Willi Hartung), diese besondere Auszeichnung gestiftet.<br \/>\nWie schon erw\u00e4hnt, soll mit dieser Auszeichnung, die einmal j\u00e4hrlich verliehen wird, Menschen gedankt werden, die sich im besonderen um die Gesellschaft der Kowelenzer Sch\u00e4ngelcher verdient gemacht haben.<\/p>\n<div class=\"su-spoiler su-spoiler-style-fancy su-spoiler-icon-arrow-circle-1 su-spoiler-closed\" data-scroll-offset=\"0\" data-anchor-in-url=\"no\"><div class=\"su-spoiler-title\" tabindex=\"0\" role=\"button\"><span class=\"su-spoiler-icon\"><\/span>Willi-Hartung-Ged\u00e4chtnispreis 2011<\/div><div class=\"su-spoiler-content su-u-clearfix su-u-trim\">\n<p><strong>Fritz Naumann<\/strong><\/p>\n<p>langj\u00e4hriges Mitglied<br \/>\nMitglied des Stadtrates<br \/>\nVorsitzender des SPD-Ortsverein Koblenz-Altstadt-Mitte<\/p>\n<\/div><\/div>\n<div class=\"su-spoiler su-spoiler-style-fancy su-spoiler-icon-arrow-circle-1 su-spoiler-closed\" data-scroll-offset=\"0\" data-anchor-in-url=\"no\"><div class=\"su-spoiler-title\" tabindex=\"0\" role=\"button\"><span class=\"su-spoiler-icon\"><\/span>Willi-Hartung-Ged\u00e4chtnispreis 2012<\/div><div class=\"su-spoiler-content su-u-clearfix su-u-trim\">\n<p><strong>Karlheinz Weitz<\/strong><\/p>\n<p>Vorsitzender Gesellschaft von 2006 &#8211; 2012<br \/>\nTr\u00e4ger des gro\u00dfen AKK-Verdienstorden<\/p>\n<\/div><\/div>\n<div class=\"su-spoiler su-spoiler-style-fancy su-spoiler-icon-arrow-circle-1 su-spoiler-closed\" data-scroll-offset=\"0\" data-anchor-in-url=\"no\"><div class=\"su-spoiler-title\" tabindex=\"0\" role=\"button\"><span class=\"su-spoiler-icon\"><\/span>Willi-Hartung-Ged\u00e4chtnispreis 2013<\/div><div class=\"su-spoiler-content su-u-clearfix su-u-trim\">\n<p><strong>Maria Bachmann<\/strong><\/p>\n<p>Ehrenfunkenmariechen<br \/>\nConfluentia 1984 an der Seite von Prinz Wolfgang I. der n\u00e4rrische Sch\u00e4ngel<br \/>\nEhrenmitglied der Gesellschaft<\/p>\n<\/div><\/div>\n<div class=\"su-spoiler su-spoiler-style-fancy su-spoiler-icon-arrow-circle-1 su-spoiler-closed\" data-scroll-offset=\"0\" data-anchor-in-url=\"no\"><div class=\"su-spoiler-title\" tabindex=\"0\" role=\"button\"><span class=\"su-spoiler-icon\"><\/span>Willi-Hartung-Ged\u00e4chtnispreis 2015<\/div><div class=\"su-spoiler-content su-u-clearfix su-u-trim\">\n<p><strong>Anja Johann<\/strong><\/p>\n<p>Mitglied seit 1990<br \/>\nEnglandorden 2007<br \/>\nAKK-Halsorden<br \/>\nRKK-Verdienstmedaille in Silber 2011<br \/>\nVerdienstorden mit Goldkrone 2012<\/p>\n<\/div><\/div>\n<div class=\"su-spoiler su-spoiler-style-fancy su-spoiler-icon-arrow-circle-1 su-spoiler-closed\" data-scroll-offset=\"0\" data-anchor-in-url=\"no\"><div class=\"su-spoiler-title\" tabindex=\"0\" role=\"button\"><span class=\"su-spoiler-icon\"><\/span>Willi-Hartung-Ged\u00e4chtnispreis 2026<\/div><div class=\"su-spoiler-content su-u-clearfix su-u-trim\">\n<p><strong>Sandra Engel<\/strong><\/p>\n<p>Mitglied seit 1995<\/p>\n<p>Confluentia 2004<br \/>\nHalsorden der AKK 2004<br \/>\nEigengew\u00e4chsorden 2016<\/p>\n<p>Verdienstorden mit Goldkrone 2017<\/p>\n<p>Sch\u00e4ngel seiner Tollit\u00e4t 2017<\/p>\n<p>RKK-Verdienstmedallie in Gold 2019<br \/>\nTr\u00e4gerin des Ehrens\u00e4bels der Stadtsoldaten Koblenz 2025<\/p>\n<\/div><\/div>\n","protected":false},"excerpt":{"rendered":"<p>Seit 2010 ist eine Stra\u00dfe in der Altstadt (in n\u00e4he der Gr\u00fcndungsst\u00e4tte der Sch\u00e4ngelcher, dem Hotel Deutsches Haus (1944 zerst\u00f6rt)) nach dem Ehrenvorsitzenden [&hellip;]<\/p>\n","protected":false},"author":1,"featured_media":0,"parent":0,"menu_order":0,"comment_status":"closed","ping_status":"closed","template":"","meta":{"footnotes":""},"class_list":["post-173","page","type-page","status-publish","hentry"],"_links":{"self":[{"href":"http:\/\/schaengelcher.de\/index.php\/wp-json\/wp\/v2\/pages\/173","targetHints":{"allow":["GET"]}}],"collection":[{"href":"http:\/\/schaengelcher.de\/index.php\/wp-json\/wp\/v2\/pages"}],"about":[{"href":"http:\/\/schaengelcher.de\/index.php\/wp-json\/wp\/v2\/types\/page"}],"author":[{"embeddable":true,"href":"http:\/\/schaengelcher.de\/index.php\/wp-json\/wp\/v2\/users\/1"}],"replies":[{"embeddable":true,"href":"http:\/\/schaengelcher.de\/index.php\/wp-json\/wp\/v2\/comments?post=173"}],"version-history":[{"count":4,"href":"http:\/\/schaengelcher.de\/index.php\/wp-json\/wp\/v2\/pages\/173\/revisions"}],"predecessor-version":[{"id":837,"href":"http:\/\/schaengelcher.de\/index.php\/wp-json\/wp\/v2\/pages\/173\/revisions\/837"}],"wp:attachment":[{"href":"http:\/\/schaengelcher.de\/index.php\/wp-json\/wp\/v2\/media?parent=173"}],"curies":[{"name":"wp","href":"https:\/\/api.w.org\/{rel}","templated":true}]}}