{"id":153,"date":"2022-11-06T15:52:12","date_gmt":"2022-11-06T14:52:12","guid":{"rendered":"http:\/\/217.160.255.34\/?page_id=153"},"modified":"2022-11-06T15:53:15","modified_gmt":"2022-11-06T14:53:15","slug":"153-2","status":"publish","type":"page","link":"http:\/\/schaengelcher.de\/index.php\/153-2\/","title":{"rendered":"Die Deutsch-Englische Partnerschaft"},"content":{"rendered":"<p>Die freundschaftlichen Bande zwischen der:<\/p>\n<p><em><strong>KKG Rot-Weiss-Gr\u00fcn Kowelenzer Sch\u00e4ngelcher 1922 e.V.<\/strong><\/em><\/p>\n<p>und<\/p>\n<p><em><strong>Hornsey Carnival Association<\/strong><\/em><\/p>\n<p>Seit 1967 besteht ein freundschaftliches Band zwischen der Hornsey Carnival Association und den Sch\u00e4ngelchern. In diesem Jahre beteiligte sich eine Abordnung unseres Vereins an einer Fahrt der AKK nach London. Es war eine willkommene Gelegenheit den englischen Karneval kennen zu lernen. Dar\u00fcber hinaus wurden jedoch auch freundschaftliche Bande gekn\u00fcpft. Im Februar 1968 wurde dann der Grundstein zur St\u00e4dtepartnerschaft zwischen Haringey und Koblenz gelegt. Zur Freude der<br \/>\nKoblenzer B\u00fcrger begleitete erstmals ein blumenreicher Festwagen mit den englischen Honorationen den Koblenzer Rosenmontagszug.<\/p>\n<p>Etwa 1 Jahr sp\u00e4ter, im Mai 1969 erfolgte die offizielle Besiegelung der partnerschaftlichen Beziehungen zwischen Haringey und Koblenz. Die Unterzeichnung der Urkunde<br \/>\nwurde durch den damaligen B\u00fcrgermeister Dr. Richter und Major Councillor H. Worms in England vorgenommen.<\/p>\n<p>Dieser allgemeine Partnerschaftsvertrag reichte der KKG Rot-Weiss-Gr\u00fcn Kowelenzer Sch\u00e4ngelcher 1922 e.V. keineswegs. Am 10.11.1973 besiegelte sie eine eigene Partnerschaft mit der Hornsey Carnival Association.<\/p>\n<p>Gleichzeitig wurde der Englandorden gestiftet, der an Personen verliehen werden sollen, die sich im Besonderen f\u00fcr die deutsch-englische Freundschaft verdient gemacht haben.<\/p>\n<p>Viele beiderseitige Aktivit\u00e4ten vertieften die Beziehungen und formten das heute bestehende Freundschaftsverh\u00e4ltnis. Es entwickelte sich mit den Jahren ein reger Austausch zwischen der Hornsey Carnival Association und den Sch\u00e4ngelchern.<br \/>\nAbordnungen besuchen uns allj\u00e4hrlich zum Karneval und beteiligen sich an unserem Rosenmontagsumzug.<\/p>\n<p>Im Jahr 2003 beteiligte sich erstmals nach 20 Jahren wieder eine Koblenzer Abordnung am Karnevalsumzug in Harnigey. Wir hatten dort eine sehr sch\u00f6ne Zeit und hoffen, dass diese Verbindung weiterhin so toll funktioniert. Die n\u00e4chste Reise nach London wurde mit 27 Personen \u00fcber Silvester 2003 durchgef\u00fchrt. Wir hatten dabei auch die M\u00f6glichkeit, an der Neujahresparade teilzunehmen.<\/p>\n<p>Ziel ist es alle zwei Jahre an der &#8222;Carnevalsparade&#8220; am ersten Juli-Wochenende teilzunehmen.<br \/>\nIm Jahre 2007 konnten die Partnerschaft ein besonderes Jubil\u00e4um feiern. Bei der offiziellen Ordensvorstellung am 12.01.2007 konnte wieder eine Abordnung der HCA begr\u00fc\u00dft werden und zusammen konnten wir 3&#215;11 Jahre Partnerschaft feiern.<\/p>\n<p>&nbsp;<\/p>\n","protected":false},"excerpt":{"rendered":"<p>Die freundschaftlichen Bande zwischen der: KKG Rot-Weiss-Gr\u00fcn Kowelenzer Sch\u00e4ngelcher 1922 e.V. und Hornsey Carnival Association Seit 1967 besteht ein freundschaftliches Band zwischen der [&hellip;]<\/p>\n","protected":false},"author":1,"featured_media":0,"parent":0,"menu_order":0,"comment_status":"closed","ping_status":"closed","template":"","meta":{"footnotes":""},"class_list":["post-153","page","type-page","status-publish","hentry"],"_links":{"self":[{"href":"http:\/\/schaengelcher.de\/index.php\/wp-json\/wp\/v2\/pages\/153","targetHints":{"allow":["GET"]}}],"collection":[{"href":"http:\/\/schaengelcher.de\/index.php\/wp-json\/wp\/v2\/pages"}],"about":[{"href":"http:\/\/schaengelcher.de\/index.php\/wp-json\/wp\/v2\/types\/page"}],"author":[{"embeddable":true,"href":"http:\/\/schaengelcher.de\/index.php\/wp-json\/wp\/v2\/users\/1"}],"replies":[{"embeddable":true,"href":"http:\/\/schaengelcher.de\/index.php\/wp-json\/wp\/v2\/comments?post=153"}],"version-history":[{"count":3,"href":"http:\/\/schaengelcher.de\/index.php\/wp-json\/wp\/v2\/pages\/153\/revisions"}],"predecessor-version":[{"id":157,"href":"http:\/\/schaengelcher.de\/index.php\/wp-json\/wp\/v2\/pages\/153\/revisions\/157"}],"wp:attachment":[{"href":"http:\/\/schaengelcher.de\/index.php\/wp-json\/wp\/v2\/media?parent=153"}],"curies":[{"name":"wp","href":"https:\/\/api.w.org\/{rel}","templated":true}]}}